{"id":2,"date":"2017-03-11T12:00:56","date_gmt":"2017-03-11T11:00:56","guid":{"rendered":"http:\/\/www.puutarhanilo.fi\/?page_id=2"},"modified":"2023-05-11T22:22:52","modified_gmt":"2023-05-11T19:22:52","slug":"exempelsida","status":"publish","type":"page","link":"http:\/\/www.puutarhanilo.fi\/?page_id=2&lang=sv","title":{"rendered":"V\u00e4lkommen"},"content":{"rendered":"<p class=\"Body-P\"><span class=\"Body-C7\">Vi erbjuder tr\u00e4dg\u00e5rdstj\u00e4nster f\u00f6r privata hush\u00e5ll, sommarg\u00e4ster, fastighetsbolag och andra f\u00f6retag, inom en radie p\u00e5 ca. 50 km fr\u00e5n Eken\u00e4s.<\/span><\/p>\n<p class=\"Body-P\"><span class=\"Body-C7\">Vill du ha:<\/span><\/p>\n<ul>\n<li><span class=\"Body-C7\">\u00a0<\/span><span class=\"Body-C7\">r\u00e5dgivning eller planering?<\/span><\/li>\n<li><span class=\"Body-C7\">\u00a0hj\u00e4lp med besk\u00e4rning, sk\u00f6tsel och \u00a0underh\u00e5ll?<\/span><\/li>\n<li><span class=\"Body-C7\">\u00a0tr\u00e4dg\u00e5rden uppfr\u00e4schad inf\u00f6r en \u00a0fest\/tillst\u00e4llning eller inf\u00f6r en \u00a0eventuell \u00a0husf\u00f6rs\u00e4ljning?<\/span><\/li>\n<li><span class=\"Body-C7\">\u00a0hj\u00e4lp med anl\u00e4ggning av t.ex. en ny \u00a0rabatt?<\/span><\/li>\n<\/ul>\n<p>&nbsp;<\/p>\n<p><span class=\"Body-C7\">KONTAKTA OSS G\u00c4RNA<\/span><\/p>\n<p>Monica Wikstr\u00f6m<\/p>\n<p>tr\u00e4dg\u00e5rdsm\u00e4stare<\/p>\n<p>tel. 0405290323<\/p>\n","protected":false},"excerpt":{"rendered":"<p>Vi erbjuder tr\u00e4dg\u00e5rdstj\u00e4nster f\u00f6r privata hush\u00e5ll, sommarg\u00e4ster, fastighetsbolag och andra f\u00f6retag, inom en radie p\u00e5 ca. 50 km fr\u00e5n Eken\u00e4s. Vill du ha: \u00a0r\u00e5dgivning eller planering? \u00a0hj\u00e4lp med besk\u00e4rning, sk\u00f6tsel och \u00a0underh\u00e5ll? \u00a0tr\u00e4dg\u00e5rden uppfr\u00e4schad inf\u00f6r en \u00a0fest\/tillst\u00e4llning eller inf\u00f6r en \u00a0eventuell \u00a0husf\u00f6rs\u00e4ljning? \u00a0hj\u00e4lp med anl\u00e4ggning av t.ex. en ny \u00a0rabatt? &nbsp; KONTAKTA OSS G\u00c4RNA Monica [&hellip;]<\/p>\n","protected":false},"author":1,"featured_media":0,"parent":0,"menu_order":0,"comment_status":"closed","ping_status":"open","template":"","meta":{"_mi_skip_tracking":false},"_links":{"self":[{"href":"http:\/\/www.puutarhanilo.fi\/index.php?rest_route=\/wp\/v2\/pages\/2"}],"collection":[{"href":"http:\/\/www.puutarhanilo.fi\/index.php?rest_route=\/wp\/v2\/pages"}],"about":[{"href":"http:\/\/www.puutarhanilo.fi\/index.php?rest_route=\/wp\/v2\/types\/page"}],"author":[{"embeddable":true,"href":"http:\/\/www.puutarhanilo.fi\/index.php?rest_route=\/wp\/v2\/users\/1"}],"replies":[{"embeddable":true,"href":"http:\/\/www.puutarhanilo.fi\/index.php?rest_route=%2Fwp%2Fv2%2Fcomments&post=2"}],"version-history":[{"count":9,"href":"http:\/\/www.puutarhanilo.fi\/index.php?rest_route=\/wp\/v2\/pages\/2\/revisions"}],"predecessor-version":[{"id":109,"href":"http:\/\/www.puutarhanilo.fi\/index.php?rest_route=\/wp\/v2\/pages\/2\/revisions\/109"}],"wp:attachment":[{"href":"http:\/\/www.puutarhanilo.fi\/index.php?rest_route=%2Fwp%2Fv2%2Fmedia&parent=2"}],"curies":[{"name":"wp","href":"https:\/\/api.w.org\/{rel}","templated":true}]}}