{"id":43,"date":"2017-03-11T17:49:54","date_gmt":"2017-03-11T15:49:54","guid":{"rendered":"http:\/\/www.puutarhanilo.fi\/?page_id=43"},"modified":"2017-03-11T18:18:26","modified_gmt":"2017-03-11T16:18:26","slug":"kontaktuppgifter","status":"publish","type":"page","link":"http:\/\/www.puutarhanilo.fi\/?page_id=43&lang=sv","title":{"rendered":"Kontaktuppgifter"},"content":{"rendered":"<p class=\"Body-P\"><strong><span class=\"Body-C\">Ab Tr\u00e4dg\u00e5rdsgl\u00e4dje &#8211;\u00a0<wbr \/><\/span><span class=\"Body-C\">Puutarhanilo Oy<\/span><\/strong><\/p>\n<p class=\"Body-P\"><span class=\"Body-C0\">H\u00f6ijersv\u00e4gen 1 bst 6<\/span><\/p>\n<p class=\"Body-P\"><span class=\"Body-C0\">10600 Eken\u00e4s <\/span><span class=\"Body-C1\">\u00a0\u00a0<\/span><\/p>\n<p class=\"Body-P\"><strong><span class=\"Body-C2\">Monica Wikstr\u00f6m<\/span><\/strong><\/p>\n<p class=\"Body-P\"><span class=\"Body-C3\">040-<wbr \/>5290323<\/span><\/p>\n<p class=\"Body-P\"><span class=\"Body-C3\">monica.wikstrom@puutarhanilo.fi<\/span><\/p>\n","protected":false},"excerpt":{"rendered":"<p>Ab Tr\u00e4dg\u00e5rdsgl\u00e4dje &#8211;\u00a0Puutarhanilo Oy H\u00f6ijersv\u00e4gen 1 bst 6 10600 Eken\u00e4s \u00a0\u00a0 Monica Wikstr\u00f6m 040-5290323 monica.wikstrom@puutarhanilo.fi<\/p>\n","protected":false},"author":1,"featured_media":0,"parent":0,"menu_order":0,"comment_status":"closed","ping_status":"closed","template":"","meta":{"_mi_skip_tracking":false},"_links":{"self":[{"href":"http:\/\/www.puutarhanilo.fi\/index.php?rest_route=\/wp\/v2\/pages\/43"}],"collection":[{"href":"http:\/\/www.puutarhanilo.fi\/index.php?rest_route=\/wp\/v2\/pages"}],"about":[{"href":"http:\/\/www.puutarhanilo.fi\/index.php?rest_route=\/wp\/v2\/types\/page"}],"author":[{"embeddable":true,"href":"http:\/\/www.puutarhanilo.fi\/index.php?rest_route=\/wp\/v2\/users\/1"}],"replies":[{"embeddable":true,"href":"http:\/\/www.puutarhanilo.fi\/index.php?rest_route=%2Fwp%2Fv2%2Fcomments&post=43"}],"version-history":[{"count":2,"href":"http:\/\/www.puutarhanilo.fi\/index.php?rest_route=\/wp\/v2\/pages\/43\/revisions"}],"predecessor-version":[{"id":45,"href":"http:\/\/www.puutarhanilo.fi\/index.php?rest_route=\/wp\/v2\/pages\/43\/revisions\/45"}],"wp:attachment":[{"href":"http:\/\/www.puutarhanilo.fi\/index.php?rest_route=%2Fwp%2Fv2%2Fmedia&parent=43"}],"curies":[{"name":"wp","href":"https:\/\/api.w.org\/{rel}","templated":true}]}}