{"id":51,"date":"2017-03-11T18:15:21","date_gmt":"2017-03-11T16:15:21","guid":{"rendered":"http:\/\/www.puutarhanilo.fi\/?page_id=51"},"modified":"2023-05-11T22:22:18","modified_gmt":"2023-05-11T19:22:18","slug":"tervetuloa","status":"publish","type":"page","link":"http:\/\/www.puutarhanilo.fi\/?page_id=51&lang=fi","title":{"rendered":"Tervetuloa"},"content":{"rendered":"<p class=\"Body-P\"><span class=\"Body-C7\">Tarjoamme puutarhapalveluita yksityisille talouksille, kes\u00e4m\u00f6kkil\u00e4isille ja yhti\u00f6ille (esim. kiinteist\u00f6yhti\u00f6ille). Liikumme n. 50 kilometrin et\u00e4isyydell\u00e4 Tammisaaresta.<\/span><\/p>\n<p class=\"Body-P\"><span class=\"Body-C8\">\u00a0<\/span><span class=\"Body-C7\">Haluatko:<\/span><\/p>\n<ul>\n<li><span class=\"Body-C7\">neuvontaa tai kokonaisen pihasuunnitelman?<\/span><\/li>\n<li><span class=\"Body-C7\">apua puiden \/ pensaiden leikkaamisessa, puutarhan hoidossa ja kunnossapidossa?<\/span><\/li>\n<li><span class=\"Body-C7\">puutarhasi hienoon kuntoon juhlia varten tai mahdollista talonmyynti\u00e4 varten?<\/span><\/li>\n<li><span class=\"Body-C7\">apua viherrakentamisessa?<\/span><\/li>\n<\/ul>\n<p class=\"Body-P\"><span class=\"Body-C9\">\u00a0<\/span><\/p>\n<p class=\"Body-P\"><span class=\"Body-C7\">OTA MIELELL\u00c4\u00c4N YHTEYTT\u00c4 MEIHIN<\/span><\/p>\n<p class=\"Body-P\">Monica Wikstr\u00f6m<\/p>\n<p class=\"Body-P\">puutarhuri<\/p>\n<p class=\"Body-P\">puh. 0405290323<\/p>\n","protected":false},"excerpt":{"rendered":"<p>Tarjoamme puutarhapalveluita yksityisille talouksille, kes\u00e4m\u00f6kkil\u00e4isille ja yhti\u00f6ille (esim. kiinteist\u00f6yhti\u00f6ille). Liikumme n. 50 kilometrin et\u00e4isyydell\u00e4 Tammisaaresta. \u00a0Haluatko: neuvontaa tai kokonaisen pihasuunnitelman? apua puiden \/ pensaiden leikkaamisessa, puutarhan hoidossa ja kunnossapidossa? puutarhasi hienoon kuntoon juhlia varten tai mahdollista talonmyynti\u00e4 varten? apua viherrakentamisessa? \u00a0 OTA MIELELL\u00c4\u00c4N YHTEYTT\u00c4 MEIHIN Monica Wikstr\u00f6m puutarhuri puh. 0405290323<\/p>\n","protected":false},"author":1,"featured_media":0,"parent":0,"menu_order":0,"comment_status":"closed","ping_status":"open","template":"","meta":{"_mi_skip_tracking":false},"_links":{"self":[{"href":"http:\/\/www.puutarhanilo.fi\/index.php?rest_route=\/wp\/v2\/pages\/51"}],"collection":[{"href":"http:\/\/www.puutarhanilo.fi\/index.php?rest_route=\/wp\/v2\/pages"}],"about":[{"href":"http:\/\/www.puutarhanilo.fi\/index.php?rest_route=\/wp\/v2\/types\/page"}],"author":[{"embeddable":true,"href":"http:\/\/www.puutarhanilo.fi\/index.php?rest_route=\/wp\/v2\/users\/1"}],"replies":[{"embeddable":true,"href":"http:\/\/www.puutarhanilo.fi\/index.php?rest_route=%2Fwp%2Fv2%2Fcomments&post=51"}],"version-history":[{"count":3,"href":"http:\/\/www.puutarhanilo.fi\/index.php?rest_route=\/wp\/v2\/pages\/51\/revisions"}],"predecessor-version":[{"id":108,"href":"http:\/\/www.puutarhanilo.fi\/index.php?rest_route=\/wp\/v2\/pages\/51\/revisions\/108"}],"wp:attachment":[{"href":"http:\/\/www.puutarhanilo.fi\/index.php?rest_route=%2Fwp%2Fv2%2Fmedia&parent=51"}],"curies":[{"name":"wp","href":"https:\/\/api.w.org\/{rel}","templated":true}]}}