{"id":60,"date":"2017-03-26T19:49:14","date_gmt":"2017-03-26T16:49:14","guid":{"rendered":"http:\/\/www.puutarhanilo.fi\/?page_id=60"},"modified":"2017-03-26T19:49:14","modified_gmt":"2017-03-26T16:49:14","slug":"galleri","status":"publish","type":"page","link":"http:\/\/www.puutarhanilo.fi\/?page_id=60&lang=sv","title":{"rendered":"Galleri"},"content":{"rendered":"\n\t\t<style type=\"text\/css\">\n\t\t\t#gallery-1 {\n\t\t\t\tmargin: auto;\n\t\t\t}\n\t\t\t#gallery-1 .gallery-item {\n\t\t\t\tfloat: left;\n\t\t\t\tmargin-top: 10px;\n\t\t\t\ttext-align: center;\n\t\t\t\twidth: 50%;\n\t\t\t}\n\t\t\t#gallery-1 img {\n\t\t\t\tborder: 2px solid #cfcfcf;\n\t\t\t}\n\t\t\t#gallery-1 .gallery-caption {\n\t\t\t\tmargin-left: 0;\n\t\t\t}\n\t\t\t\/* see gallery_shortcode() in wp-includes\/media.php *\/\n\t\t<\/style>\n\t\t<div id='gallery-1' class='gallery galleryid-60 gallery-columns-2 gallery-size-large'><dl class='gallery-item'>\n\t\t\t<dt class='gallery-icon landscape'>\n\t\t\t\t<img width=\"656\" height=\"492\" src=\"http:\/\/www.puutarhanilo.fi\/wp-content\/uploads\/2017\/03\/IMG_1801_edited-1-1024x768.jpg\" class=\"attachment-large size-large\" alt=\"\" decoding=\"async\" loading=\"lazy\" aria-describedby=\"gallery-1-67\" srcset=\"http:\/\/www.puutarhanilo.fi\/wp-content\/uploads\/2017\/03\/IMG_1801_edited-1-1024x768.jpg 1024w, http:\/\/www.puutarhanilo.fi\/wp-content\/uploads\/2017\/03\/IMG_1801_edited-1-300x225.jpg 300w, http:\/\/www.puutarhanilo.fi\/wp-content\/uploads\/2017\/03\/IMG_1801_edited-1-768x576.jpg 768w\" sizes=\"(max-width: 656px) 100vw, 656px\" \/>\n\t\t\t<\/dt>\n\t\t\t\t<dd class='wp-caption-text gallery-caption' id='gallery-1-67'>\n\t\t\t\t\u00c4ppeltr\u00e4ds besk\u00e4rning\n\t\t\t\t<\/dd><\/dl><dl class='gallery-item'>\n\t\t\t<dt class='gallery-icon landscape'>\n\t\t\t\t<img width=\"656\" height=\"492\" src=\"http:\/\/www.puutarhanilo.fi\/wp-content\/uploads\/2017\/03\/CAM00009-1024x768.jpg\" class=\"attachment-large size-large\" alt=\"\" decoding=\"async\" loading=\"lazy\" aria-describedby=\"gallery-1-63\" srcset=\"http:\/\/www.puutarhanilo.fi\/wp-content\/uploads\/2017\/03\/CAM00009-1024x768.jpg 1024w, http:\/\/www.puutarhanilo.fi\/wp-content\/uploads\/2017\/03\/CAM00009-300x225.jpg 300w, http:\/\/www.puutarhanilo.fi\/wp-content\/uploads\/2017\/03\/CAM00009-768x576.jpg 768w\" sizes=\"(max-width: 656px) 100vw, 656px\" \/>\n\t\t\t<\/dt>\n\t\t\t\t<dd class='wp-caption-text gallery-caption' id='gallery-1-63'>\n\t\t\t\tRondellbygge\n\t\t\t\t<\/dd><\/dl><br style=\"clear: both\" \/><dl class='gallery-item'>\n\t\t\t<dt class='gallery-icon landscape'>\n\t\t\t\t<img width=\"656\" height=\"394\" src=\"http:\/\/www.puutarhanilo.fi\/wp-content\/uploads\/2017\/03\/11650478_10206912525309946_380063241_n.jpg\" class=\"attachment-large size-large\" alt=\"\" decoding=\"async\" loading=\"lazy\" aria-describedby=\"gallery-1-62\" srcset=\"http:\/\/www.puutarhanilo.fi\/wp-content\/uploads\/2017\/03\/11650478_10206912525309946_380063241_n.jpg 960w, http:\/\/www.puutarhanilo.fi\/wp-content\/uploads\/2017\/03\/11650478_10206912525309946_380063241_n-300x180.jpg 300w, http:\/\/www.puutarhanilo.fi\/wp-content\/uploads\/2017\/03\/11650478_10206912525309946_380063241_n-768x461.jpg 768w\" sizes=\"(max-width: 656px) 100vw, 656px\" \/>\n\t\t\t<\/dt>\n\t\t\t\t<dd class='wp-caption-text gallery-caption' id='gallery-1-62'>\n\t\t\t\tRondellbygge\n\t\t\t\t<\/dd><\/dl><dl class='gallery-item'>\n\t\t\t<dt class='gallery-icon landscape'>\n\t\t\t\t<img width=\"656\" height=\"368\" src=\"http:\/\/www.puutarhanilo.fi\/wp-content\/uploads\/2017\/03\/WP_20150623_10_51_32_Pro-1024x575.jpg\" class=\"attachment-large size-large\" alt=\"\" decoding=\"async\" loading=\"lazy\" aria-describedby=\"gallery-1-74\" srcset=\"http:\/\/www.puutarhanilo.fi\/wp-content\/uploads\/2017\/03\/WP_20150623_10_51_32_Pro-1024x575.jpg 1024w, http:\/\/www.puutarhanilo.fi\/wp-content\/uploads\/2017\/03\/WP_20150623_10_51_32_Pro-300x168.jpg 300w, http:\/\/www.puutarhanilo.fi\/wp-content\/uploads\/2017\/03\/WP_20150623_10_51_32_Pro-768x431.jpg 768w, http:\/\/www.puutarhanilo.fi\/wp-content\/uploads\/2017\/03\/WP_20150623_10_51_32_Pro.jpg 1918w\" sizes=\"(max-width: 656px) 100vw, 656px\" \/>\n\t\t\t<\/dt>\n\t\t\t\t<dd class='wp-caption-text gallery-caption' id='gallery-1-74'>\n\t\t\t\tRondellbygge\n\t\t\t\t<\/dd><\/dl><br style=\"clear: both\" \/><dl class='gallery-item'>\n\t\t\t<dt class='gallery-icon landscape'>\n\t\t\t\t<img width=\"656\" height=\"492\" src=\"http:\/\/www.puutarhanilo.fi\/wp-content\/uploads\/2017\/03\/CAM01147-1024x768.jpg\" class=\"attachment-large size-large\" alt=\"\" decoding=\"async\" loading=\"lazy\" aria-describedby=\"gallery-1-64\" srcset=\"http:\/\/www.puutarhanilo.fi\/wp-content\/uploads\/2017\/03\/CAM01147-1024x768.jpg 1024w, http:\/\/www.puutarhanilo.fi\/wp-content\/uploads\/2017\/03\/CAM01147-300x225.jpg 300w, http:\/\/www.puutarhanilo.fi\/wp-content\/uploads\/2017\/03\/CAM01147-768x576.jpg 768w\" sizes=\"(max-width: 656px) 100vw, 656px\" \/>\n\t\t\t<\/dt>\n\t\t\t\t<dd class='wp-caption-text gallery-caption' id='gallery-1-64'>\n\t\t\t\tBlommor v\u00e4ntar p\u00e5 leverans till kund\n\t\t\t\t<\/dd><\/dl><dl class='gallery-item'>\n\t\t\t<dt class='gallery-icon landscape'>\n\t\t\t\t<img width=\"656\" height=\"492\" src=\"http:\/\/www.puutarhanilo.fi\/wp-content\/uploads\/2017\/03\/CAM01387-1024x768.jpg\" class=\"attachment-large size-large\" alt=\"\" decoding=\"async\" loading=\"lazy\" aria-describedby=\"gallery-1-65\" srcset=\"http:\/\/www.puutarhanilo.fi\/wp-content\/uploads\/2017\/03\/CAM01387-1024x768.jpg 1024w, http:\/\/www.puutarhanilo.fi\/wp-content\/uploads\/2017\/03\/CAM01387-300x225.jpg 300w, http:\/\/www.puutarhanilo.fi\/wp-content\/uploads\/2017\/03\/CAM01387-768x576.jpg 768w\" sizes=\"(max-width: 656px) 100vw, 656px\" \/>\n\t\t\t<\/dt>\n\t\t\t\t<dd class='wp-caption-text gallery-caption' id='gallery-1-65'>\n\t\t\t\tRestaurering av rabatt\n\t\t\t\t<\/dd><\/dl><br style=\"clear: both\" \/><dl class='gallery-item'>\n\t\t\t<dt class='gallery-icon landscape'>\n\t\t\t\t<img width=\"656\" height=\"492\" src=\"http:\/\/www.puutarhanilo.fi\/wp-content\/uploads\/2017\/03\/IMG_1856-1024x768.jpg\" class=\"attachment-large size-large\" alt=\"\" decoding=\"async\" loading=\"lazy\" aria-describedby=\"gallery-1-68\" srcset=\"http:\/\/www.puutarhanilo.fi\/wp-content\/uploads\/2017\/03\/IMG_1856-1024x768.jpg 1024w, http:\/\/www.puutarhanilo.fi\/wp-content\/uploads\/2017\/03\/IMG_1856-300x225.jpg 300w, http:\/\/www.puutarhanilo.fi\/wp-content\/uploads\/2017\/03\/IMG_1856-768x576.jpg 768w\" sizes=\"(max-width: 656px) 100vw, 656px\" \/>\n\t\t\t<\/dt>\n\t\t\t\t<dd class='wp-caption-text gallery-caption' id='gallery-1-68'>\n\t\t\t\tStenparti\n\t\t\t\t<\/dd><\/dl><dl class='gallery-item'>\n\t\t\t<dt class='gallery-icon landscape'>\n\t\t\t\t<img width=\"656\" height=\"368\" src=\"http:\/\/www.puutarhanilo.fi\/wp-content\/uploads\/2017\/03\/WP_20150504_09_04_59_Pro-1024x575.jpg\" class=\"attachment-large size-large\" alt=\"\" decoding=\"async\" loading=\"lazy\" aria-describedby=\"gallery-1-69\" srcset=\"http:\/\/www.puutarhanilo.fi\/wp-content\/uploads\/2017\/03\/WP_20150504_09_04_59_Pro-1024x575.jpg 1024w, http:\/\/www.puutarhanilo.fi\/wp-content\/uploads\/2017\/03\/WP_20150504_09_04_59_Pro-300x168.jpg 300w, http:\/\/www.puutarhanilo.fi\/wp-content\/uploads\/2017\/03\/WP_20150504_09_04_59_Pro-768x431.jpg 768w, http:\/\/www.puutarhanilo.fi\/wp-content\/uploads\/2017\/03\/WP_20150504_09_04_59_Pro.jpg 1918w\" sizes=\"(max-width: 656px) 100vw, 656px\" \/>\n\t\t\t<\/dt>\n\t\t\t\t<dd class='wp-caption-text gallery-caption' id='gallery-1-69'>\n\t\t\t\tJulros\n\t\t\t\t<\/dd><\/dl><br style=\"clear: both\" \/><dl class='gallery-item'>\n\t\t\t<dt class='gallery-icon landscape'>\n\t\t\t\t<img width=\"656\" height=\"368\" src=\"http:\/\/www.puutarhanilo.fi\/wp-content\/uploads\/2017\/03\/WP_20150518_13_32_03_Pro-1024x575.jpg\" class=\"attachment-large size-large\" alt=\"\" decoding=\"async\" loading=\"lazy\" srcset=\"http:\/\/www.puutarhanilo.fi\/wp-content\/uploads\/2017\/03\/WP_20150518_13_32_03_Pro-1024x575.jpg 1024w, http:\/\/www.puutarhanilo.fi\/wp-content\/uploads\/2017\/03\/WP_20150518_13_32_03_Pro-300x168.jpg 300w, http:\/\/www.puutarhanilo.fi\/wp-content\/uploads\/2017\/03\/WP_20150518_13_32_03_Pro-768x431.jpg 768w, http:\/\/www.puutarhanilo.fi\/wp-content\/uploads\/2017\/03\/WP_20150518_13_32_03_Pro.jpg 1918w\" sizes=\"(max-width: 656px) 100vw, 656px\" \/>\n\t\t\t<\/dt><\/dl><dl class='gallery-item'>\n\t\t\t<dt class='gallery-icon landscape'>\n\t\t\t\t<img width=\"656\" height=\"368\" src=\"http:\/\/www.puutarhanilo.fi\/wp-content\/uploads\/2017\/03\/WP_20150623_10_02_03_Pro-1024x575.jpg\" class=\"attachment-large size-large\" alt=\"\" decoding=\"async\" loading=\"lazy\" srcset=\"http:\/\/www.puutarhanilo.fi\/wp-content\/uploads\/2017\/03\/WP_20150623_10_02_03_Pro-1024x575.jpg 1024w, http:\/\/www.puutarhanilo.fi\/wp-content\/uploads\/2017\/03\/WP_20150623_10_02_03_Pro-300x168.jpg 300w, http:\/\/www.puutarhanilo.fi\/wp-content\/uploads\/2017\/03\/WP_20150623_10_02_03_Pro-768x431.jpg 768w, http:\/\/www.puutarhanilo.fi\/wp-content\/uploads\/2017\/03\/WP_20150623_10_02_03_Pro.jpg 1918w\" sizes=\"(max-width: 656px) 100vw, 656px\" \/>\n\t\t\t<\/dt><\/dl><br style=\"clear: both\" \/><dl class='gallery-item'>\n\t\t\t<dt class='gallery-icon landscape'>\n\t\t\t\t<img width=\"656\" height=\"368\" src=\"http:\/\/www.puutarhanilo.fi\/wp-content\/uploads\/2017\/03\/WP_20150623_10_02_45_Pro-1024x575.jpg\" class=\"attachment-large size-large\" alt=\"\" decoding=\"async\" loading=\"lazy\" srcset=\"http:\/\/www.puutarhanilo.fi\/wp-content\/uploads\/2017\/03\/WP_20150623_10_02_45_Pro-1024x575.jpg 1024w, http:\/\/www.puutarhanilo.fi\/wp-content\/uploads\/2017\/03\/WP_20150623_10_02_45_Pro-300x168.jpg 300w, http:\/\/www.puutarhanilo.fi\/wp-content\/uploads\/2017\/03\/WP_20150623_10_02_45_Pro-768x431.jpg 768w, http:\/\/www.puutarhanilo.fi\/wp-content\/uploads\/2017\/03\/WP_20150623_10_02_45_Pro.jpg 1918w\" sizes=\"(max-width: 656px) 100vw, 656px\" \/>\n\t\t\t<\/dt><\/dl><dl class='gallery-item'>\n\t\t\t<dt class='gallery-icon landscape'>\n\t\t\t\t<img width=\"656\" height=\"368\" src=\"http:\/\/www.puutarhanilo.fi\/wp-content\/uploads\/2017\/03\/WP_20150623_10_47_26_Pro-1024x575.jpg\" class=\"attachment-large size-large\" alt=\"\" decoding=\"async\" loading=\"lazy\" srcset=\"http:\/\/www.puutarhanilo.fi\/wp-content\/uploads\/2017\/03\/WP_20150623_10_47_26_Pro-1024x575.jpg 1024w, http:\/\/www.puutarhanilo.fi\/wp-content\/uploads\/2017\/03\/WP_20150623_10_47_26_Pro-300x168.jpg 300w, http:\/\/www.puutarhanilo.fi\/wp-content\/uploads\/2017\/03\/WP_20150623_10_47_26_Pro-768x431.jpg 768w, http:\/\/www.puutarhanilo.fi\/wp-content\/uploads\/2017\/03\/WP_20150623_10_47_26_Pro.jpg 1918w\" sizes=\"(max-width: 656px) 100vw, 656px\" \/>\n\t\t\t<\/dt><\/dl><br style=\"clear: both\" \/><dl class='gallery-item'>\n\t\t\t<dt class='gallery-icon landscape'>\n\t\t\t\t<img width=\"656\" height=\"368\" src=\"http:\/\/www.puutarhanilo.fi\/wp-content\/uploads\/2017\/03\/WP_20150623_13_17_29_Pro-1024x575.jpg\" class=\"attachment-large size-large\" alt=\"\" decoding=\"async\" loading=\"lazy\" srcset=\"http:\/\/www.puutarhanilo.fi\/wp-content\/uploads\/2017\/03\/WP_20150623_13_17_29_Pro-1024x575.jpg 1024w, http:\/\/www.puutarhanilo.fi\/wp-content\/uploads\/2017\/03\/WP_20150623_13_17_29_Pro-300x168.jpg 300w, http:\/\/www.puutarhanilo.fi\/wp-content\/uploads\/2017\/03\/WP_20150623_13_17_29_Pro-768x431.jpg 768w, http:\/\/www.puutarhanilo.fi\/wp-content\/uploads\/2017\/03\/WP_20150623_13_17_29_Pro.jpg 1918w\" sizes=\"(max-width: 656px) 100vw, 656px\" \/>\n\t\t\t<\/dt><\/dl><dl class='gallery-item'>\n\t\t\t<dt class='gallery-icon landscape'>\n\t\t\t\t<img width=\"656\" height=\"368\" src=\"http:\/\/www.puutarhanilo.fi\/wp-content\/uploads\/2017\/03\/WP_20150623_13_18_52_Pro-1024x575.jpg\" class=\"attachment-large size-large\" alt=\"\" decoding=\"async\" loading=\"lazy\" srcset=\"http:\/\/www.puutarhanilo.fi\/wp-content\/uploads\/2017\/03\/WP_20150623_13_18_52_Pro-1024x575.jpg 1024w, http:\/\/www.puutarhanilo.fi\/wp-content\/uploads\/2017\/03\/WP_20150623_13_18_52_Pro-300x168.jpg 300w, http:\/\/www.puutarhanilo.fi\/wp-content\/uploads\/2017\/03\/WP_20150623_13_18_52_Pro-768x431.jpg 768w, http:\/\/www.puutarhanilo.fi\/wp-content\/uploads\/2017\/03\/WP_20150623_13_18_52_Pro.jpg 1918w\" sizes=\"(max-width: 656px) 100vw, 656px\" \/>\n\t\t\t<\/dt><\/dl><br style=\"clear: both\" \/><dl class='gallery-item'>\n\t\t\t<dt class='gallery-icon landscape'>\n\t\t\t\t<img width=\"656\" height=\"368\" src=\"http:\/\/www.puutarhanilo.fi\/wp-content\/uploads\/2017\/03\/WP_20150623_13_20_01_Pro-1024x575.jpg\" class=\"attachment-large size-large\" alt=\"\" decoding=\"async\" loading=\"lazy\" srcset=\"http:\/\/www.puutarhanilo.fi\/wp-content\/uploads\/2017\/03\/WP_20150623_13_20_01_Pro-1024x575.jpg 1024w, http:\/\/www.puutarhanilo.fi\/wp-content\/uploads\/2017\/03\/WP_20150623_13_20_01_Pro-300x168.jpg 300w, http:\/\/www.puutarhanilo.fi\/wp-content\/uploads\/2017\/03\/WP_20150623_13_20_01_Pro-768x431.jpg 768w, http:\/\/www.puutarhanilo.fi\/wp-content\/uploads\/2017\/03\/WP_20150623_13_20_01_Pro.jpg 1918w\" sizes=\"(max-width: 656px) 100vw, 656px\" \/>\n\t\t\t<\/dt><\/dl><dl class='gallery-item'>\n\t\t\t<dt class='gallery-icon landscape'>\n\t\t\t\t<img width=\"656\" height=\"368\" src=\"http:\/\/www.puutarhanilo.fi\/wp-content\/uploads\/2017\/03\/WP_20150623_13_20_58_Pro-1024x575.jpg\" class=\"attachment-large size-large\" alt=\"\" decoding=\"async\" loading=\"lazy\" srcset=\"http:\/\/www.puutarhanilo.fi\/wp-content\/uploads\/2017\/03\/WP_20150623_13_20_58_Pro-1024x575.jpg 1024w, http:\/\/www.puutarhanilo.fi\/wp-content\/uploads\/2017\/03\/WP_20150623_13_20_58_Pro-300x168.jpg 300w, http:\/\/www.puutarhanilo.fi\/wp-content\/uploads\/2017\/03\/WP_20150623_13_20_58_Pro-768x431.jpg 768w, http:\/\/www.puutarhanilo.fi\/wp-content\/uploads\/2017\/03\/WP_20150623_13_20_58_Pro.jpg 1918w\" sizes=\"(max-width: 656px) 100vw, 656px\" \/>\n\t\t\t<\/dt><\/dl><br style=\"clear: both\" \/><dl class='gallery-item'>\n\t\t\t<dt class='gallery-icon landscape'>\n\t\t\t\t<img width=\"656\" height=\"368\" src=\"http:\/\/www.puutarhanilo.fi\/wp-content\/uploads\/2017\/03\/WP_20160913_17_02_33_Pro-1024x575.jpg\" class=\"attachment-large size-large\" alt=\"\" decoding=\"async\" loading=\"lazy\" srcset=\"http:\/\/www.puutarhanilo.fi\/wp-content\/uploads\/2017\/03\/WP_20160913_17_02_33_Pro-1024x575.jpg 1024w, http:\/\/www.puutarhanilo.fi\/wp-content\/uploads\/2017\/03\/WP_20160913_17_02_33_Pro-300x168.jpg 300w, http:\/\/www.puutarhanilo.fi\/wp-content\/uploads\/2017\/03\/WP_20160913_17_02_33_Pro-768x431.jpg 768w, http:\/\/www.puutarhanilo.fi\/wp-content\/uploads\/2017\/03\/WP_20160913_17_02_33_Pro.jpg 1918w\" sizes=\"(max-width: 656px) 100vw, 656px\" \/>\n\t\t\t<\/dt><\/dl><dl class='gallery-item'>\n\t\t\t<dt class='gallery-icon landscape'>\n\t\t\t\t<img width=\"656\" height=\"492\" src=\"http:\/\/www.puutarhanilo.fi\/wp-content\/uploads\/2017\/03\/CAM01819-1024x768.jpg\" class=\"attachment-large size-large\" alt=\"\" decoding=\"async\" loading=\"lazy\" srcset=\"http:\/\/www.puutarhanilo.fi\/wp-content\/uploads\/2017\/03\/CAM01819-1024x768.jpg 1024w, http:\/\/www.puutarhanilo.fi\/wp-content\/uploads\/2017\/03\/CAM01819-300x225.jpg 300w, http:\/\/www.puutarhanilo.fi\/wp-content\/uploads\/2017\/03\/CAM01819-768x576.jpg 768w\" sizes=\"(max-width: 656px) 100vw, 656px\" \/>\n\t\t\t<\/dt><\/dl><br style=\"clear: both\" \/>\n\t\t<\/div>\n\n","protected":false},"excerpt":{"rendered":"","protected":false},"author":1,"featured_media":0,"parent":0,"menu_order":0,"comment_status":"closed","ping_status":"closed","template":"","meta":{"_mi_skip_tracking":false},"_links":{"self":[{"href":"http:\/\/www.puutarhanilo.fi\/index.php?rest_route=\/wp\/v2\/pages\/60"}],"collection":[{"href":"http:\/\/www.puutarhanilo.fi\/index.php?rest_route=\/wp\/v2\/pages"}],"about":[{"href":"http:\/\/www.puutarhanilo.fi\/index.php?rest_route=\/wp\/v2\/types\/page"}],"author":[{"embeddable":true,"href":"http:\/\/www.puutarhanilo.fi\/index.php?rest_route=\/wp\/v2\/users\/1"}],"replies":[{"embeddable":true,"href":"http:\/\/www.puutarhanilo.fi\/index.php?rest_route=%2Fwp%2Fv2%2Fcomments&post=60"}],"version-history":[{"count":3,"href":"http:\/\/www.puutarhanilo.fi\/index.php?rest_route=\/wp\/v2\/pages\/60\/revisions"}],"predecessor-version":[{"id":81,"href":"http:\/\/www.puutarhanilo.fi\/index.php?rest_route=\/wp\/v2\/pages\/60\/revisions\/81"}],"wp:attachment":[{"href":"http:\/\/www.puutarhanilo.fi\/index.php?rest_route=%2Fwp%2Fv2%2Fmedia&parent=60"}],"curies":[{"name":"wp","href":"https:\/\/api.w.org\/{rel}","templated":true}]}}